{"id":1911,"date":"2024-11-17T11:40:23","date_gmt":"2024-11-17T10:40:23","guid":{"rendered":"https:\/\/warsawcreatives.8080.dev\/team\/"},"modified":"2025-01-22T16:11:44","modified_gmt":"2025-01-22T15:11:44","slug":"team","status":"publish","type":"page","link":"https:\/\/warsawcreatives.8080.dev\/pl\/team\/","title":{"rendered":"Team"},"content":{"rendered":"\n<section id=\"intro-asset-block_88b27ddadb6fba295f996f11147c5771\" class=\"intro-asset\">\n\n  <div class=\"intro-asset__inner container\" data-aos=\"fade\">\n\n    \n<figure\n  class=\"asset intro-asset__figure\"\n  data-asset\n    >\n\n  <img loading=\"lazy\" decoding=\"async\" width=\"2250\" height=\"1500\" src=\"https:\/\/warsawcreatives.8080.dev\/wp-content\/uploads\/2025\/01\/PU2C0165.webp\" class=\"asset__media asset__media--dt landscape\" alt=\"\" srcset=\"https:\/\/warsawcreatives.8080.dev\/wp-content\/uploads\/2025\/01\/PU2C0165.webp 2250w, https:\/\/warsawcreatives.8080.dev\/wp-content\/uploads\/2025\/01\/PU2C0165-960x640.webp 960w, https:\/\/warsawcreatives.8080.dev\/wp-content\/uploads\/2025\/01\/PU2C0165-1440x960.webp 1440w, https:\/\/warsawcreatives.8080.dev\/wp-content\/uploads\/2025\/01\/PU2C0165-540x360.webp 540w, https:\/\/warsawcreatives.8080.dev\/wp-content\/uploads\/2025\/01\/PU2C0165-768x512.webp 768w, https:\/\/warsawcreatives.8080.dev\/wp-content\/uploads\/2025\/01\/PU2C0165-1536x1024.webp 1536w, https:\/\/warsawcreatives.8080.dev\/wp-content\/uploads\/2025\/01\/PU2C0165-2048x1365.webp 2048w\" sizes=\"auto, (max-width: 2250px) 100vw, 2250px\" \/><img loading=\"lazy\" decoding=\"async\" width=\"750\" height=\"1200\" src=\"https:\/\/warsawcreatives.8080.dev\/wp-content\/uploads\/2025\/01\/PU2C0165mob.webp\" class=\"asset__media asset__media--mb portrait\" alt=\"\" srcset=\"https:\/\/warsawcreatives.8080.dev\/wp-content\/uploads\/2025\/01\/PU2C0165mob.webp 750w, https:\/\/warsawcreatives.8080.dev\/wp-content\/uploads\/2025\/01\/PU2C0165mob-450x720.webp 450w\" sizes=\"auto, (max-width: 750px) 100vw, 750px\" \/>\n<\/figure>\n\n  <\/div>\n\n<\/section>\n\n\n<section id=\"nhwt-block_33ec261723d26388553f904b0aae5e08\" class=\"section nhwt\">\n\n  <div class=\"nhwt__inner nhwt__inner--odd container\">\n\n        <h3 class=\"nhwt__name tagline\" data-aos=\"fade-up\">Zesp\u00f3\u0142<\/h3>\n    \n        <reveal-wrap class=\"nhwt__heading nhwt__heading--narrow\">\n      <h3 class=\"t-h6 t-h7-mb\">\n        Poznaj <br \/>\r\nnas <br \/>\r\nbli\u017cej      <\/h3>\n    <\/reveal-wrap>\n    \n        <div class=\"nhwt__text\">\n      <reveal-wrap class=\"rte\">\n        <p><span style=\"font-weight: 400;\">Podstaw\u0105 dobrego zespo\u0142u s\u0105 osoby, kt\u00f3rzy widz\u0105 wi\u0119cej i to wi\u0119cej potrafi\u0105 przeku\u0107 w unikalne koncepty. Umiej\u0119tnie miksujemy do\u015bwiadczenie ka\u017cdej i ka\u017cdego z nas, tak aby dostarcza\u0107 najwy\u017cszej jako\u015bci kampanie reklamowe i marketingowe, dopasowane idealnie do cel\u00f3w ka\u017cdej marki.<\/span><\/p>\n      <\/reveal-wrap>\n    <\/div>\n    \n  <\/div>\n\n<\/section>\n\n\n<section aria-hidden id=\"border-block_5306138f119e20ed4b36c73763088abf\" class=\"border\">\n\n  <div class=\"container border__inner\">\n\n    <div class=\"border__border\" data-aos=\"draw-border\"><\/div>\n\n  <\/div>\n\n<\/section>\n\n\n<section id=\"team-block_300a62c4d98fbcf49567156c9315d6dd\" class=\"section team\">\n\n  <div class=\"team__inner container\">\n\n        <h3 class=\"team__name tagline\" data-aos=\"fade-up\">Creative thinkers<\/h3>\n    \n    <team-grid class=\"team__grid\">\n\n    \n<tile-team class=\"tile-team team__person\">\n\n\t\t<figure\n\t\tclass=\"tile-team__figure cover-wrap\"\n\t\thref=\"https:\/\/warsawcreatives.8080.dev\/pl\/team\/pawel-walicki\/\">\n\t\t<img loading=\"lazy\" decoding=\"async\" width=\"748\" height=\"840\" src=\"https:\/\/warsawcreatives.8080.dev\/wp-content\/uploads\/2024\/11\/PW.webp\" class=\"tile-team__portrait portrait\" alt=\"\" srcset=\"https:\/\/warsawcreatives.8080.dev\/wp-content\/uploads\/2024\/11\/PW.webp 748w, https:\/\/warsawcreatives.8080.dev\/wp-content\/uploads\/2024\/11\/PW-540x606.webp 540w\" sizes=\"auto, (max-width: 748px) 100vw, 748px\" \/>\t\t<button\n\t\t\tclass=\"tile-project__toggler\"\n\t\t\tdata-toggler\n\t\t\taria-expanded=\"false\"\n\t\t\taria-controls=\"tps-0\"\n  \t\taria-label=\"Toggle description\"\n\t\t\ttype=\"button\">\n\t\t\t<svg aria-hidden xmlns=\"http:\/\/www.w3.org\/2000\/svg\" width=\"16\" height=\"16\" viewBox=\"0 0 24 24\" fill=\"none\" stroke=\"#000000\" stroke-width=\"1\" stroke-linecap=\"square\" stroke-linejoin=\"arcs\"><line x1=\"12\" y1=\"5\" x2=\"12\" y2=\"19\"><\/line><line x1=\"5\" y1=\"12\" x2=\"19\" y2=\"12\"><\/line><\/svg>\n\t\t<\/button>\n\t<\/figure>\n\t\n\t<section class=\"tile-team__body\">\n\n\t\t<h3 class=\"tile-team__title\">\n\t\t\tPAWE\u0141 WALICKI\t\t<\/h3>\n\n\t\t    <span class=\"tile-team__position t-bullet arrow-link\">CEO<\/span>\n    \n    <div class=\"tile-team__content\" data-content aria-hidden=\"true\">\n\n    \t<div class=\"tile-team__content-inner t-bullet\" data-inner>\n\t\t\t\t\n<p>CEO i wsp\u00f3\u0142za\u0142o\u017cyciel agencji Warsaw\/Creatives. Zanim za\u0142o\u017cy\u0142 agencj\u0119, zdobywa\u0142 do\u015bwiadczenie zawodowe w bran\u017cy reklamowej, produkuj\u0105c sesje zdj\u0119ciowe w USA, Europie i w Polsce. Opr\u00f3cz Warsaw\/Creatives jest tak\u017ce wsp\u00f3\u0142za\u0142o\u017cycielem Warsaw Labs, inkubatora innowacyjnych projekt\u00f3w, skoncentrowanym na budowaniu marek od podstaw i tworzeniu unikalnych rozwi\u0105za\u0144 dla klient\u00f3w, g\u0142\u00f3wnie z bran\u017cy kosmetycznej.&#13;\n<\/p>\n\n<p>\u201eCo najbardziej kocham w Warsaw\/Creatives? To, \u017ce po prawie 15 latach na rynku nadal rozumiemy, co jest na czasie, czujemy w kt\u00f3rym kierunku rozwija si\u0119 rynek i dostarczamy naszym klientom realn\u0105 warto\u015b\u0107.\u201d<\/p>\n\t\t\t<\/div>\n\n\t\t<\/div>\n\n\t<\/section>\n\n<\/tile-team>\n\n\n<tile-team class=\"tile-team team__person\">\n\n\t\t<figure\n\t\tclass=\"tile-team__figure cover-wrap\"\n\t\thref=\"https:\/\/warsawcreatives.8080.dev\/pl\/team\/sonia-hotimsky\/\">\n\t\t<img loading=\"lazy\" decoding=\"async\" width=\"752\" height=\"840\" src=\"https:\/\/warsawcreatives.8080.dev\/wp-content\/uploads\/2024\/11\/Sonia.webp\" class=\"tile-team__portrait portrait\" alt=\"\" srcset=\"https:\/\/warsawcreatives.8080.dev\/wp-content\/uploads\/2024\/11\/Sonia.webp 752w, https:\/\/warsawcreatives.8080.dev\/wp-content\/uploads\/2024\/11\/Sonia-540x603.webp 540w\" sizes=\"auto, (max-width: 752px) 100vw, 752px\" \/>\t\t<button\n\t\t\tclass=\"tile-project__toggler\"\n\t\t\tdata-toggler\n\t\t\taria-expanded=\"false\"\n\t\t\taria-controls=\"tps-1\"\n  \t\taria-label=\"Toggle description\"\n\t\t\ttype=\"button\">\n\t\t\t<svg aria-hidden xmlns=\"http:\/\/www.w3.org\/2000\/svg\" width=\"16\" height=\"16\" viewBox=\"0 0 24 24\" fill=\"none\" stroke=\"#000000\" stroke-width=\"1\" stroke-linecap=\"square\" stroke-linejoin=\"arcs\"><line x1=\"12\" y1=\"5\" x2=\"12\" y2=\"19\"><\/line><line x1=\"5\" y1=\"12\" x2=\"19\" y2=\"12\"><\/line><\/svg>\n\t\t<\/button>\n\t<\/figure>\n\t\n\t<section class=\"tile-team__body\">\n\n\t\t<h3 class=\"tile-team__title\">\n\t\t\tSONIA HOTIMSKY\t\t<\/h3>\n\n\t\t    <span class=\"tile-team__position t-bullet arrow-link\">CCO \/ Partner<\/span>\n    \n    <div class=\"tile-team__content\" data-content aria-hidden=\"true\">\n\n    \t<div class=\"tile-team__content-inner t-bullet\" data-inner>\n\t\t\t\t\n<p>Ma ponad 12-letnie do\u015bwiadczenie pracy w reklamie oraz Executive MBA z HEC Paris. Prowadzi\u0142a projekty o r\u00f3\u017cnej skali &#8211; od wprowadzania na rynek innowacyjnych marek kosmetycznych po od\u015bwie\u017canie identyfikacji wizualnej uznanych marek luksusowych. Jej eksperckie do\u015bwiadczenie spe\u0142ni\u0142o swoj\u0105 rol\u0119 tak\u017ce w jej pracy jako agentki legendarnego fotografa Petera Lindbergha oraz artysty Ignasiego Monreala.&#13;\n<\/p>\n\n<p>To, co wyr\u00f3\u017cnia Soni\u0119, to rzadkie po\u0142\u0105czenie kreatywno\u015bci i zmys\u0142u biznesowego. Ta podw\u00f3jna perspektywa pozwala jej identyfikowa\u0107 wyj\u0105tkowe mo\u017cliwo\u015bci i  \u0142\u0105czy\u0107 ludzi, pomys\u0142y i zasoby, z precyzyjnym wyczuciem czasu &#8211; wszystko to w d\u0105\u017ceniu do maksymalnego efektu.<\/p>\n\t\t\t<\/div>\n\n\t\t<\/div>\n\n\t<\/section>\n\n<\/tile-team>\n\n\n<tile-team class=\"tile-team team__person\">\n\n\t\t<figure\n\t\tclass=\"tile-team__figure cover-wrap\"\n\t\thref=\"https:\/\/warsawcreatives.8080.dev\/pl\/team\/krystyna-bajor-ledwon\/\">\n\t\t<img loading=\"lazy\" decoding=\"async\" width=\"748\" height=\"840\" src=\"https:\/\/warsawcreatives.8080.dev\/wp-content\/uploads\/2025\/01\/KLB.webp\" class=\"tile-team__portrait portrait\" alt=\"\" srcset=\"https:\/\/warsawcreatives.8080.dev\/wp-content\/uploads\/2025\/01\/KLB.webp 748w, https:\/\/warsawcreatives.8080.dev\/wp-content\/uploads\/2025\/01\/KLB-540x606.webp 540w\" sizes=\"auto, (max-width: 748px) 100vw, 748px\" \/>\t\t<button\n\t\t\tclass=\"tile-project__toggler\"\n\t\t\tdata-toggler\n\t\t\taria-expanded=\"false\"\n\t\t\taria-controls=\"tps-2\"\n  \t\taria-label=\"Toggle description\"\n\t\t\ttype=\"button\">\n\t\t\t<svg aria-hidden xmlns=\"http:\/\/www.w3.org\/2000\/svg\" width=\"16\" height=\"16\" viewBox=\"0 0 24 24\" fill=\"none\" stroke=\"#000000\" stroke-width=\"1\" stroke-linecap=\"square\" stroke-linejoin=\"arcs\"><line x1=\"12\" y1=\"5\" x2=\"12\" y2=\"19\"><\/line><line x1=\"5\" y1=\"12\" x2=\"19\" y2=\"12\"><\/line><\/svg>\n\t\t<\/button>\n\t<\/figure>\n\t\n\t<section class=\"tile-team__body\">\n\n\t\t<h3 class=\"tile-team__title\">\n\t\t\tKRYSTYNA BAJOR-LEDWO\u0143\t\t<\/h3>\n\n\t\t    <span class=\"tile-team__position t-bullet arrow-link\">Operational Director<\/span>\n    \n    <div class=\"tile-team__content\" data-content aria-hidden=\"true\">\n\n    \t<div class=\"tile-team__content-inner t-bullet\" data-inner>\n\t\t\t\t\n<p>Pasjonuje j\u0105 tworzenie strategii i komunikacji dla marek. Przez ostatnie 12 lat zdobywa\u0142a swoje do\u015bwiadczenie zawodowe w obszarach beauty, fashion i lifestyle, wykorzystuj\u0105c digital, e-commerce i social media, by dostarcza\u0107 rozwi\u0105zania dla najbardziej wymagaj\u0105cych klient\u00f3w zar\u00f3wno w Polsce, jak i globalnie. Pracowa\u0142a z takimi markami, jak Est\u00e9e Lauder Companies, L\u2019Oreal, Coty, Dr Irena Eris, Galilu, adidas, TOUS, La Mania, Answear, Berries &amp; Co., Carrera, Lipton, Natuzzi, Omnires, Pepsico, Amrest.<\/p>\n\t\t\t<\/div>\n\n\t\t<\/div>\n\n\t<\/section>\n\n<\/tile-team>\n\n\n<tile-team class=\"tile-team team__person\">\n\n\t\t<figure\n\t\tclass=\"tile-team__figure cover-wrap\"\n\t\thref=\"https:\/\/warsawcreatives.8080.dev\/pl\/team\/joanna-senderska\/\">\n\t\t<img loading=\"lazy\" decoding=\"async\" width=\"752\" height=\"840\" src=\"https:\/\/warsawcreatives.8080.dev\/wp-content\/uploads\/2025\/01\/JOANNA-SENDERSKA.webp\" class=\"tile-team__portrait portrait\" alt=\"\" srcset=\"https:\/\/warsawcreatives.8080.dev\/wp-content\/uploads\/2025\/01\/JOANNA-SENDERSKA.webp 752w, https:\/\/warsawcreatives.8080.dev\/wp-content\/uploads\/2025\/01\/JOANNA-SENDERSKA-540x603.webp 540w\" sizes=\"auto, (max-width: 752px) 100vw, 752px\" \/>\t\t<button\n\t\t\tclass=\"tile-project__toggler\"\n\t\t\tdata-toggler\n\t\t\taria-expanded=\"false\"\n\t\t\taria-controls=\"tps-3\"\n  \t\taria-label=\"Toggle description\"\n\t\t\ttype=\"button\">\n\t\t\t<svg aria-hidden xmlns=\"http:\/\/www.w3.org\/2000\/svg\" width=\"16\" height=\"16\" viewBox=\"0 0 24 24\" fill=\"none\" stroke=\"#000000\" stroke-width=\"1\" stroke-linecap=\"square\" stroke-linejoin=\"arcs\"><line x1=\"12\" y1=\"5\" x2=\"12\" y2=\"19\"><\/line><line x1=\"5\" y1=\"12\" x2=\"19\" y2=\"12\"><\/line><\/svg>\n\t\t<\/button>\n\t<\/figure>\n\t\n\t<section class=\"tile-team__body\">\n\n\t\t<h3 class=\"tile-team__title\">\n\t\t\tJOANNA SENDERSKA\t\t<\/h3>\n\n\t\t    <span class=\"tile-team__position t-bullet arrow-link\">Production &#038; Casting Director<\/span>\n    \n    <div class=\"tile-team__content\" data-content aria-hidden=\"true\">\n\n    \t<div class=\"tile-team__content-inner t-bullet\" data-inner>\n\t\t\t\t\n<p>Od lat zwi\u0105zana jest z bran\u017c\u0105 reklamowa i produkcyjn\u0105. Swoje pierwsze kroki zawodowe stawia\u0142a w biurze reklamy Viva! i w dziale mody polskiej edycji Marie Claire. Bywa\u0142a koordynatork\u0105, producentk\u0105, agentk\u0105 talent\u00f3w, stylistk\u0105 i szefem dzia\u0142u mody. Energiczna i komunikatywna organizatorka, z poczuciem humoru. Od zawsze wielbicielka dobrej muzyki i Kate Moss. Praktykuje jog\u0119.<\/p>\n\t\t\t<\/div>\n\n\t\t<\/div>\n\n\t<\/section>\n\n<\/tile-team>\n\n\n<tile-team class=\"tile-team team__person\">\n\n\t\t<figure\n\t\tclass=\"tile-team__figure cover-wrap\"\n\t\thref=\"https:\/\/warsawcreatives.8080.dev\/pl\/team\/krzysztof-seyfried\/\">\n\t\t<img loading=\"lazy\" decoding=\"async\" width=\"748\" height=\"840\" src=\"https:\/\/warsawcreatives.8080.dev\/wp-content\/uploads\/2025\/01\/KRZYSZTOF-SEYFRIED.webp\" class=\"tile-team__portrait portrait\" alt=\"\" srcset=\"https:\/\/warsawcreatives.8080.dev\/wp-content\/uploads\/2025\/01\/KRZYSZTOF-SEYFRIED.webp 748w, https:\/\/warsawcreatives.8080.dev\/wp-content\/uploads\/2025\/01\/KRZYSZTOF-SEYFRIED-540x606.webp 540w\" sizes=\"auto, (max-width: 748px) 100vw, 748px\" \/>\t\t<button\n\t\t\tclass=\"tile-project__toggler\"\n\t\t\tdata-toggler\n\t\t\taria-expanded=\"false\"\n\t\t\taria-controls=\"tps-4\"\n  \t\taria-label=\"Toggle description\"\n\t\t\ttype=\"button\">\n\t\t\t<svg aria-hidden xmlns=\"http:\/\/www.w3.org\/2000\/svg\" width=\"16\" height=\"16\" viewBox=\"0 0 24 24\" fill=\"none\" stroke=\"#000000\" stroke-width=\"1\" stroke-linecap=\"square\" stroke-linejoin=\"arcs\"><line x1=\"12\" y1=\"5\" x2=\"12\" y2=\"19\"><\/line><line x1=\"5\" y1=\"12\" x2=\"19\" y2=\"12\"><\/line><\/svg>\n\t\t<\/button>\n\t<\/figure>\n\t\n\t<section class=\"tile-team__body\">\n\n\t\t<h3 class=\"tile-team__title\">\n\t\t\tKRZYSZTOF SEYFRIED\t\t<\/h3>\n\n\t\t    <span class=\"tile-team__position t-bullet arrow-link\">Design Director<\/span>\n    \n    <div class=\"tile-team__content\" data-content aria-hidden=\"true\">\n\n    \t<div class=\"tile-team__content-inner t-bullet\" data-inner>\n\t\t\t\t\n<p>Od ponad 20 lat zajmuje si\u0119 projektowaniem grafiki u\u017cytkowej. Specjalizuje si\u0119 w tworzeniu identyfikacji wizualnych firm, korporacji oraz wydarze\u0144 kulturalnych, projektowaniu komunikacji wizualnej w przestrzeni, grafiki wydawniczej, stron internetowych, plakatu oraz opakowa\u0144. Jest uczestnikiem i laureatem wielu wystaw i konkurs\u00f3w bran\u017cowych (Polish Graphic Design Awards, Projekt Roku STGU, KTR, Mi\u0119dzynarodowe Biennale Plakatu w Warszawie). W procesie projektowym k\u0142adzie nacisk na wnikliwy, obszerny research i mocne podstawy koncepcyjne projektu. W Warsaw\/Creatives tworzy\u0142 mi\u0119dzy innymi takie projekty jak: Cosmoss by Kate Moss, Capsum, Bottica, Danucera, Papierowy Dizajn.<\/p>\n\t\t\t<\/div>\n\n\t\t<\/div>\n\n\t<\/section>\n\n<\/tile-team>\n\n\n<tile-team class=\"tile-team team__person\">\n\n\t\t<figure\n\t\tclass=\"tile-team__figure cover-wrap\"\n\t\thref=\"https:\/\/warsawcreatives.8080.dev\/pl\/team\/maria-gajewska\/\">\n\t\t<img loading=\"lazy\" decoding=\"async\" width=\"748\" height=\"840\" src=\"https:\/\/warsawcreatives.8080.dev\/wp-content\/uploads\/2025\/01\/MARIA-GAJEWSKA.webp\" class=\"tile-team__portrait portrait\" alt=\"\" srcset=\"https:\/\/warsawcreatives.8080.dev\/wp-content\/uploads\/2025\/01\/MARIA-GAJEWSKA.webp 748w, https:\/\/warsawcreatives.8080.dev\/wp-content\/uploads\/2025\/01\/MARIA-GAJEWSKA-540x606.webp 540w\" sizes=\"auto, (max-width: 748px) 100vw, 748px\" \/>\t\t<button\n\t\t\tclass=\"tile-project__toggler\"\n\t\t\tdata-toggler\n\t\t\taria-expanded=\"false\"\n\t\t\taria-controls=\"tps-5\"\n  \t\taria-label=\"Toggle description\"\n\t\t\ttype=\"button\">\n\t\t\t<svg aria-hidden xmlns=\"http:\/\/www.w3.org\/2000\/svg\" width=\"16\" height=\"16\" viewBox=\"0 0 24 24\" fill=\"none\" stroke=\"#000000\" stroke-width=\"1\" stroke-linecap=\"square\" stroke-linejoin=\"arcs\"><line x1=\"12\" y1=\"5\" x2=\"12\" y2=\"19\"><\/line><line x1=\"5\" y1=\"12\" x2=\"19\" y2=\"12\"><\/line><\/svg>\n\t\t<\/button>\n\t<\/figure>\n\t\n\t<section class=\"tile-team__body\">\n\n\t\t<h3 class=\"tile-team__title\">\n\t\t\tMARIA GAJEWSKA\t\t<\/h3>\n\n\t\t    <span class=\"tile-team__position t-bullet arrow-link\">Creative Director<\/span>\n    \n    <div class=\"tile-team__content\" data-content aria-hidden=\"true\">\n\n    \t<div class=\"tile-team__content-inner t-bullet\" data-inner>\n\t\t\t\t\n<p>Dyrektorka kreatywna Warsaw\/Creatives. Od lat zwi\u0105zana z marketingiem, rozwi\u0105zaniami strategicznymi i kreatywnymi. Mia\u0142a okazj\u0119 wsp\u00f3\u0142pracowa\u0107 nie tylko z globalnymi markami, ale tak\u017ce z dobrze znanymi osobowo\u015bciami. Specjalizuje si\u0119 w kampaniach zintegrowanych i komunikacji omnichannel. Jej projekty zdoby\u0142y liczne nagrody, w tym KTR, Effie Awards i Golden Drum. By\u0142a jurork\u0105 w presti\u017cowych konkursach kreatywnych, takich jak Young Creatives Cannes, w kt\u00f3rym przewodniczy\u0142a kategorii Film\/Print oraz Papaya Young Creators w kategorii Branded Stories. Dzi\u0119ki swojemu do\u015bwiadczeniu i pasji wprowadza nowe standardy pracy w bran\u017cy kreatywnej. Przed do\u0142\u0105czeniem do Warsaw Creatives pe\u0142ni\u0142a funkcj\u0119 Dyrektorki Kreatywnej w agencjach Stor9 oraz LiquidThread.<\/p>\n\t\t\t<\/div>\n\n\t\t<\/div>\n\n\t<\/section>\n\n<\/tile-team>\n\n\n<tile-team class=\"tile-team team__person\">\n\n\t\t<figure\n\t\tclass=\"tile-team__figure cover-wrap\"\n\t\thref=\"https:\/\/warsawcreatives.8080.dev\/pl\/team\/lidia-tofil\/\">\n\t\t<img loading=\"lazy\" decoding=\"async\" width=\"752\" height=\"840\" src=\"https:\/\/warsawcreatives.8080.dev\/wp-content\/uploads\/2025\/01\/LIDIA-TOFIL.webp\" class=\"tile-team__portrait portrait\" alt=\"\" srcset=\"https:\/\/warsawcreatives.8080.dev\/wp-content\/uploads\/2025\/01\/LIDIA-TOFIL.webp 752w, https:\/\/warsawcreatives.8080.dev\/wp-content\/uploads\/2025\/01\/LIDIA-TOFIL-540x603.webp 540w\" sizes=\"auto, (max-width: 752px) 100vw, 752px\" \/>\t\t<button\n\t\t\tclass=\"tile-project__toggler\"\n\t\t\tdata-toggler\n\t\t\taria-expanded=\"false\"\n\t\t\taria-controls=\"tps-6\"\n  \t\taria-label=\"Toggle description\"\n\t\t\ttype=\"button\">\n\t\t\t<svg aria-hidden xmlns=\"http:\/\/www.w3.org\/2000\/svg\" width=\"16\" height=\"16\" viewBox=\"0 0 24 24\" fill=\"none\" stroke=\"#000000\" stroke-width=\"1\" stroke-linecap=\"square\" stroke-linejoin=\"arcs\"><line x1=\"12\" y1=\"5\" x2=\"12\" y2=\"19\"><\/line><line x1=\"5\" y1=\"12\" x2=\"19\" y2=\"12\"><\/line><\/svg>\n\t\t<\/button>\n\t<\/figure>\n\t\n\t<section class=\"tile-team__body\">\n\n\t\t<h3 class=\"tile-team__title\">\n\t\t\tLIDIA TOFIL\t\t<\/h3>\n\n\t\t    <span class=\"tile-team__position t-bullet arrow-link\">Head of Event Department<\/span>\n    \n    <div class=\"tile-team__content\" data-content aria-hidden=\"true\">\n\n    \t<div class=\"tile-team__content-inner t-bullet\" data-inner>\n\t\t\t\t\n<p>Ma ponad 20-letnie do\u015bwiadczenie w bran\u017cy eventowej. Przez ostatnie 12 lat zwi\u0105zana by\u0142a z wydawnictwem Burda Media Polska, gdzie odpowiedzialna by\u0142a za pomys\u0142y kreatywne i realizacj\u0119 najwi\u0119kszych wydarze\u0144 mediowych. &#13;\nLidia odpowiada za planowanie i realizacj\u0119 strategii dzia\u0142u, pozyskiwanie nowych klient\u00f3w, zarz\u0105dzanie projektami oraz komunikacj\u0119 ze wszystkimi  interesariuszami realizowanych wydarze\u0144.<\/p>\n\t\t\t<\/div>\n\n\t\t<\/div>\n\n\t<\/section>\n\n<\/tile-team>\n\n\n<tile-team class=\"tile-team team__person\">\n\n\t\t<figure\n\t\tclass=\"tile-team__figure cover-wrap\"\n\t\thref=\"https:\/\/warsawcreatives.8080.dev\/pl\/team\/patricia-smolen\/\">\n\t\t<img loading=\"lazy\" decoding=\"async\" width=\"748\" height=\"840\" src=\"https:\/\/warsawcreatives.8080.dev\/wp-content\/uploads\/2025\/01\/PATRICIA-SMOLEN.webp\" class=\"tile-team__portrait portrait\" alt=\"\" srcset=\"https:\/\/warsawcreatives.8080.dev\/wp-content\/uploads\/2025\/01\/PATRICIA-SMOLEN.webp 748w, https:\/\/warsawcreatives.8080.dev\/wp-content\/uploads\/2025\/01\/PATRICIA-SMOLEN-540x606.webp 540w\" sizes=\"auto, (max-width: 748px) 100vw, 748px\" \/>\t\t<button\n\t\t\tclass=\"tile-project__toggler\"\n\t\t\tdata-toggler\n\t\t\taria-expanded=\"false\"\n\t\t\taria-controls=\"tps-7\"\n  \t\taria-label=\"Toggle description\"\n\t\t\ttype=\"button\">\n\t\t\t<svg aria-hidden xmlns=\"http:\/\/www.w3.org\/2000\/svg\" width=\"16\" height=\"16\" viewBox=\"0 0 24 24\" fill=\"none\" stroke=\"#000000\" stroke-width=\"1\" stroke-linecap=\"square\" stroke-linejoin=\"arcs\"><line x1=\"12\" y1=\"5\" x2=\"12\" y2=\"19\"><\/line><line x1=\"5\" y1=\"12\" x2=\"19\" y2=\"12\"><\/line><\/svg>\n\t\t<\/button>\n\t<\/figure>\n\t\n\t<section class=\"tile-team__body\">\n\n\t\t<h3 class=\"tile-team__title\">\n\t\t\tPATRICIA SMOLE\u0143\t\t<\/h3>\n\n\t\t    <span class=\"tile-team__position t-bullet arrow-link\">Head of Advocacy &#038; Communication Department<\/span>\n    \n    <div class=\"tile-team__content\" data-content aria-hidden=\"true\">\n\n    \t<div class=\"tile-team__content-inner t-bullet\" data-inner>\n\t\t\t\t\n<p>Patricia nadzoruje zespo\u0142y PR i Influencer Marketing w Warsaw\/Creatives. Zajmuje si\u0119 bran\u017c\u0105 advocacy od prawie dekady, specjalizuj\u0105c si\u0119 w opracowywaniu lokalnych i mi\u0119dzynarodowych strategii. Jej wieloletnia wsp\u00f3\u0142praca z tw\u00f3rcami i talentami, a tak\u017ce agencjami, domami mediowymi i bezpo\u015brednimi klientami z kategorii takich, jak fashion, beauty, lifestyle oraz FMCG, pozwala jej obecnie na skuteczn\u0105 realizacj\u0119 licznych projekt\u00f3w dzia\u0142u Advocacy &amp; Communication w dynamicznie rozwijaj\u0105cej si\u0119 bran\u017cy cyfrowej.<\/p>\n\t\t\t<\/div>\n\n\t\t<\/div>\n\n\t<\/section>\n\n<\/tile-team>\n\n\n<tile-team class=\"tile-team team__person\">\n\n\t\t<figure\n\t\tclass=\"tile-team__figure cover-wrap\"\n\t\thref=\"https:\/\/warsawcreatives.8080.dev\/pl\/team\/zosia-motz\/\">\n\t\t<img loading=\"lazy\" decoding=\"async\" width=\"748\" height=\"840\" src=\"https:\/\/warsawcreatives.8080.dev\/wp-content\/uploads\/2025\/01\/ZOSIA-MOTZ.webp\" class=\"tile-team__portrait portrait\" alt=\"\" srcset=\"https:\/\/warsawcreatives.8080.dev\/wp-content\/uploads\/2025\/01\/ZOSIA-MOTZ.webp 748w, https:\/\/warsawcreatives.8080.dev\/wp-content\/uploads\/2025\/01\/ZOSIA-MOTZ-540x606.webp 540w\" sizes=\"auto, (max-width: 748px) 100vw, 748px\" \/>\t\t<button\n\t\t\tclass=\"tile-project__toggler\"\n\t\t\tdata-toggler\n\t\t\taria-expanded=\"false\"\n\t\t\taria-controls=\"tps-8\"\n  \t\taria-label=\"Toggle description\"\n\t\t\ttype=\"button\">\n\t\t\t<svg aria-hidden xmlns=\"http:\/\/www.w3.org\/2000\/svg\" width=\"16\" height=\"16\" viewBox=\"0 0 24 24\" fill=\"none\" stroke=\"#000000\" stroke-width=\"1\" stroke-linecap=\"square\" stroke-linejoin=\"arcs\"><line x1=\"12\" y1=\"5\" x2=\"12\" y2=\"19\"><\/line><line x1=\"5\" y1=\"12\" x2=\"19\" y2=\"12\"><\/line><\/svg>\n\t\t<\/button>\n\t<\/figure>\n\t\n\t<section class=\"tile-team__body\">\n\n\t\t<h3 class=\"tile-team__title\">\n\t\t\tZOSIA MOTZ\t\t<\/h3>\n\n\t\t    <span class=\"tile-team__position t-bullet arrow-link\">New Business &#038; Project Coordinator<\/span>\n    \n    <div class=\"tile-team__content\" data-content aria-hidden=\"true\">\n\n    \t<div class=\"tile-team__content-inner t-bullet\" data-inner>\n\t\t\t\t\n<p>Po uko\u0144czeniu studi\u00f3w w Londynie na UCL, zacz\u0119\u0142a pog\u0142\u0119bia\u0107 swoj\u0105 wiedz\u0119 i zdobywa\u0107 do\u015bwiadczenie w marketingu i komunikacji. Od 2021 roku zarz\u0105dza relacjami z nowymi klientami oraz nadzoruje z\u0142o\u017cone projekty mi\u0119dzyzespo\u0142owe w Warsaw\/Creatives. Pracowa\u0142a przy projektach dla klient\u00f3w takich, jak TOUS, Syoss, Epuzer, Golden Key, adidas i Stradivarius. Jej pasj\u0105 jest praca z klientami mi\u0119dzynarodowymi.<\/p>\n\t\t\t<\/div>\n\n\t\t<\/div>\n\n\t<\/section>\n\n<\/tile-team>\n\n\n    <\/team-grid>\n\n  <\/div>\n\n<\/section>\n\n","protected":false},"excerpt":{"rendered":"","protected":false},"author":1,"featured_media":0,"parent":0,"menu_order":0,"comment_status":"closed","ping_status":"closed","template":"","meta":{"_acf_changed":false,"footnotes":""},"class_list":["post-1911","page","type-page","status-publish","hentry"],"acf":[],"_links":{"self":[{"href":"https:\/\/warsawcreatives.8080.dev\/pl\/wp-json\/wp\/v2\/pages\/1911","targetHints":{"allow":["GET"]}}],"collection":[{"href":"https:\/\/warsawcreatives.8080.dev\/pl\/wp-json\/wp\/v2\/pages"}],"about":[{"href":"https:\/\/warsawcreatives.8080.dev\/pl\/wp-json\/wp\/v2\/types\/page"}],"author":[{"embeddable":true,"href":"https:\/\/warsawcreatives.8080.dev\/pl\/wp-json\/wp\/v2\/users\/1"}],"replies":[{"embeddable":true,"href":"https:\/\/warsawcreatives.8080.dev\/pl\/wp-json\/wp\/v2\/comments?post=1911"}],"version-history":[{"count":6,"href":"https:\/\/warsawcreatives.8080.dev\/pl\/wp-json\/wp\/v2\/pages\/1911\/revisions"}],"predecessor-version":[{"id":2029,"href":"https:\/\/warsawcreatives.8080.dev\/pl\/wp-json\/wp\/v2\/pages\/1911\/revisions\/2029"}],"wp:attachment":[{"href":"https:\/\/warsawcreatives.8080.dev\/pl\/wp-json\/wp\/v2\/media?parent=1911"}],"curies":[{"name":"wp","href":"https:\/\/api.w.org\/{rel}","templated":true}]}}