{"id":1909,"date":"2024-11-17T10:46:52","date_gmt":"2024-11-17T09:46:52","guid":{"rendered":"https:\/\/warsawcreatives.8080.dev\/polityka-prywatnosci-i-cookies\/"},"modified":"2025-01-29T15:44:12","modified_gmt":"2025-01-29T14:44:12","slug":"polityka-prywatnosci-i-cookies","status":"publish","type":"page","link":"https:\/\/warsawcreatives.8080.dev\/pl\/polityka-prywatnosci-i-cookies\/","title":{"rendered":"Polityka prywatno\u015bci i cookies"},"content":{"rendered":"\n<section id=\"nhwt-block_dbe2c30802f04f4f7649b08e568d3978\" class=\"section nhwt\">\n\n  <div class=\"nhwt__inner nhwt__inner--even container\">\n\n        <h4 class=\"nhwt__name tagline\" data-aos=\"fade-up\">Info<\/h4>\n    \n        <reveal-wrap class=\"nhwt__heading nhwt__heading--normal\">\n      <h3 class=\"t-h6 t-h7-mb\">\n        Polityka prywatno\u015bci      <\/h3>\n    <\/reveal-wrap>\n    \n        <div class=\"nhwt__text\">\n      <reveal-wrap class=\"rte\">\n        <p>Niniejsza polityka prywatno\u015bci wyja\u015bnia, w jaki spos\u00f3b Warsaw Creatives mo\u017ce gromadzi\u0107 i wykorzystywa\u0107 Twoje dane osobowe podczas korzystania z naszej strony internetowej (www.warsawcreatives.com). Jako firma zobowi\u0105zujemy si\u0119 do poszanowania i ochrony prywatno\u015bci wszystkich os\u00f3b, z kt\u00f3rymi wchodzimy w interakcje. Zawsze przetwarzamy Twoje dane osobowe zgodnie z obowi\u0105zuj\u0105cymi przepisami o ochronie prywatno\u015bci i danych osobowych.<\/p>\n<p>Gromadzimy informacje o Tobie, je\u015bli poprosisz nas o odpowied\u017a na swoje zapytanie. Zbierane dane ograniczaj\u0105 si\u0119 wy\u0142\u0105cznie do informacji niezb\u0119dnych do udzielenia odpowiedzi. Nie gromadzimy danych wra\u017cliwych, takich jak przekonania polityczne lub religijne, pochodzenie etniczne, orientacja seksualna, stan zdrowia ani inne tego typu informacje. O ile nie jest to wymagane przez prawo, wykorzystujemy przekazane nam dane osobowe wy\u0142\u0105cznie w celu dostarczenia informacji, o kt\u00f3re prosi\u0142e\u015b.<\/p>\n<p>Na przyk\u0142ad, je\u015bli prze\u015blesz zapytanie za po\u015brednictwem naszej strony, Tw\u00f3j adres e-mail zostanie u\u017cyty wy\u0142\u0105cznie do udzielenia odpowiedzi. Bez Twojej wyra\u017anej zgody nie wykorzystamy Twoich danych kontaktowych w \u017cadnym innym celu. Zobowi\u0105zujemy si\u0119 do zapewnienia bezpiecze\u0144stwa i poufno\u015bci Twoich danych osobowych oraz do ich przechowywania nie d\u0142u\u017cej, ni\u017c jest to konieczne.<\/p>\n      <\/reveal-wrap>\n    <\/div>\n    \n  <\/div>\n\n<\/section>\n\n\n<section aria-hidden id=\"border-block_cb0cbda12e04c2f30c57f749674b59b8\" class=\"border\">\n\n  <div class=\"container border__inner\">\n\n    <div class=\"border__border\" data-aos=\"draw-border\"><\/div>\n\n  <\/div>\n\n<\/section>\n\n\n<section id=\"nhwt-block_767b9cc3cc81e4a34c68e6fb91e2bb91\" class=\"section nhwt\">\n\n  <div class=\"nhwt__inner nhwt__inner--even container\">\n\n        <h4 class=\"nhwt__name tagline\" data-aos=\"fade-up\">Jak wykorzystujemy<\/h4>\n    \n        <reveal-wrap class=\"nhwt__heading nhwt__heading--normal\">\n      <h3 class=\"t-h6 t-h7-mb\">\n        Cookies      <\/h3>\n    <\/reveal-wrap>\n    \n        <div class=\"nhwt__text\">\n      <reveal-wrap class=\"rte\">\n        <p>Pliki cookies to ma\u0142e pakiety informacji przechowywane przez Twoj\u0105 przegl\u0105dark\u0119 internetow\u0105 podczas odwiedzania niekt\u00f3rych stron, w tym naszej. Zazwyczaj s\u0105 one wykorzystywane do poprawy komfortu u\u017cytkowania, umo\u017cliwiaj\u0105c stronie \u201ezapami\u0119tanie\u201d Ci\u0119 \u2013 albo tylko na czas trwania sesji (tzw. \u201eciasteczka sesyjne\u201d, kt\u00f3re s\u0105 usuwane po zamkni\u0119ciu przegl\u0105darki), albo przy kolejnych wizytach (tzw. \u201eciasteczka sta\u0142e\u201d). Nie u\u017cywamy plik\u00f3w cookies do przechowywania \u017cadnych danych osobowych umo\u017cliwiaj\u0105cych identyfikacj\u0119 u\u017cytkownika.<\/p>\n      <\/reveal-wrap>\n    <\/div>\n    \n  <\/div>\n\n<\/section>\n\n\n<section aria-hidden id=\"border-block_cb0cbda12e04c2f30c57f749674b59b8\" class=\"border\">\n\n  <div class=\"container border__inner\">\n\n    <div class=\"border__border\" data-aos=\"draw-border\"><\/div>\n\n  <\/div>\n\n<\/section>\n\n\n<section id=\"nhwt-block_556b72f472c5ad0dbf1b707b6be4db4e\" class=\"section nhwt\">\n\n  <div class=\"nhwt__inner nhwt__inner--even container\">\n\n        <h4 class=\"nhwt__name tagline\" data-aos=\"fade-up\">Skontaktuj si\u0119<\/h4>\n    \n        <reveal-wrap class=\"nhwt__heading nhwt__heading--normal\">\n      <h3 class=\"t-h6 t-h7-mb\">\n        Je\u015bli Twoje dane lub preferencje ulegn\u0105 zmianie      <\/h3>\n    <\/reveal-wrap>\n    \n        <div class=\"nhwt__text\">\n      <reveal-wrap class=\"rte\">\n        <p>Je\u015bli nie chcesz ju\u017c otrzymywa\u0107 od nas informacji, Twoje preferencje uleg\u0142y zmianie i nie \u017cyczysz sobie otrzymywania zam\u00f3wionych materia\u0142\u00f3w lub masz jakiekolwiek pytania dotycz\u0105ce sposobu, w jaki wykorzystujemy Twoje dane osobowe, skontaktuj si\u0119 z nami bezpo\u015brednio:<\/p>\n<p>info@warsawcreatives.com<\/p>\n      <\/reveal-wrap>\n    <\/div>\n    \n  <\/div>\n\n<\/section>","protected":false},"excerpt":{"rendered":"","protected":false},"author":1,"featured_media":0,"parent":0,"menu_order":0,"comment_status":"closed","ping_status":"closed","template":"","meta":{"_acf_changed":false,"footnotes":""},"class_list":["post-1909","page","type-page","status-publish","hentry"],"acf":[],"_links":{"self":[{"href":"https:\/\/warsawcreatives.8080.dev\/pl\/wp-json\/wp\/v2\/pages\/1909","targetHints":{"allow":["GET"]}}],"collection":[{"href":"https:\/\/warsawcreatives.8080.dev\/pl\/wp-json\/wp\/v2\/pages"}],"about":[{"href":"https:\/\/warsawcreatives.8080.dev\/pl\/wp-json\/wp\/v2\/types\/page"}],"author":[{"embeddable":true,"href":"https:\/\/warsawcreatives.8080.dev\/pl\/wp-json\/wp\/v2\/users\/1"}],"replies":[{"embeddable":true,"href":"https:\/\/warsawcreatives.8080.dev\/pl\/wp-json\/wp\/v2\/comments?post=1909"}],"version-history":[{"count":3,"href":"https:\/\/warsawcreatives.8080.dev\/pl\/wp-json\/wp\/v2\/pages\/1909\/revisions"}],"predecessor-version":[{"id":2234,"href":"https:\/\/warsawcreatives.8080.dev\/pl\/wp-json\/wp\/v2\/pages\/1909\/revisions\/2234"}],"wp:attachment":[{"href":"https:\/\/warsawcreatives.8080.dev\/pl\/wp-json\/wp\/v2\/media?parent=1909"}],"curies":[{"name":"wp","href":"https:\/\/api.w.org\/{rel}","templated":true}]}}